{"id":17867,"date":"2025-02-13T12:27:24","date_gmt":"2025-02-13T12:27:24","guid":{"rendered":"https:\/\/winwork.pt\/noticias\/"},"modified":"2026-01-08T20:36:19","modified_gmt":"2026-01-08T20:36:19","slug":"noticias","status":"publish","type":"page","link":"https:\/\/winwork.pt\/es\/noticias\/","title":{"rendered":"Noticias"},"content":{"rendered":"\t\t<div data-elementor-type=\"wp-page\" data-elementor-id=\"17867\" class=\"elementor elementor-17867 elementor-16823\">\n\t\t\t\t<div class=\"elementor-element elementor-element-4c33c4f e-flex e-con-boxed e-con e-parent\" data-id=\"4c33c4f\" data-element_type=\"container\" data-settings=\"{&quot;wcf_enable_cursor_hover_effect_text&quot;:&quot;View&quot;,&quot;background_background&quot;:&quot;classic&quot;,&quot;wcf-animation&quot;:&quot;none&quot;}\">\n\t\t\t\t\t<div class=\"e-con-inner\">\n\t\t<div class=\"elementor-element elementor-element-dd44ca9 e-flex e-con-boxed e-con e-child\" data-id=\"dd44ca9\" data-element_type=\"container\" data-settings=\"{&quot;wcf_enable_cursor_hover_effect_text&quot;:&quot;View&quot;,&quot;wcf-animation&quot;:&quot;none&quot;}\">\n\t\t\t\t\t<div class=\"e-con-inner\">\n\t\t<div class=\"elementor-element elementor-element-e3bf5c0 e-con-full e-flex e-con e-child\" data-id=\"e3bf5c0\" data-element_type=\"container\" data-settings=\"{&quot;wcf_enable_cursor_hover_effect_text&quot;:&quot;View&quot;,&quot;wcf-animation&quot;:&quot;none&quot;}\">\n\t\t\t\t<div class=\"elementor-element elementor-element-c307116 wcf-t-animation-none elementor-widget elementor-widget-heading\" data-id=\"c307116\" data-element_type=\"widget\" data-settings=\"{&quot;wcf_text_animation&quot;:&quot;none&quot;,&quot;wcf-animation&quot;:&quot;none&quot;}\" data-widget_type=\"heading.default\">\n\t\t\t\t<div class=\"elementor-widget-container\">\n\t\t\t\t\t<p class=\"elementor-heading-title elementor-size-default\">EL PROYECTO WINWORK<\/p>\t\t\t\t<\/div>\n\t\t\t\t<\/div>\n\t\t\t\t<div class=\"elementor-element elementor-element-8e6dc3e elementor-widget__width-initial wcf-t-animation-none elementor-widget elementor-widget-wcf--title\" data-id=\"8e6dc3e\" data-element_type=\"widget\" data-settings=\"{&quot;delay&quot;:0.1000000000000000055511151231257827021181583404541015625,&quot;data-duration&quot;:0.75,&quot;fade-offset&quot;:40,&quot;wcf-animation&quot;:&quot;fade&quot;,&quot;wcf_text_animation&quot;:&quot;none&quot;,&quot;fade-from&quot;:&quot;bottom&quot;,&quot;ease&quot;:&quot;power2.out&quot;}\" data-widget_type=\"wcf--title.default\">\n\t\t\t\t<div class=\"elementor-widget-container\">\n\t\t\t\t\t<h1 class=\"wcf--title\">\u00daltimas <br>Noticias.<\/h1>\t\t\t\t<\/div>\n\t\t\t\t<\/div>\n\t\t\t\t<\/div>\n\t\t<div class=\"elementor-element elementor-element-6f45ad8 e-con-full e-flex e-con e-child\" data-id=\"6f45ad8\" data-element_type=\"container\" data-settings=\"{&quot;wcf_enable_cursor_hover_effect_text&quot;:&quot;View&quot;,&quot;wcf-animation&quot;:&quot;none&quot;}\">\n\t\t\t\t<\/div>\n\t\t\t\t\t<\/div>\n\t\t\t\t<\/div>\n\t\t\t\t\t<\/div>\n\t\t\t\t<\/div>\n\t\t<div class=\"elementor-element elementor-element-1c3f03a e-con-full e-flex e-con e-parent\" data-id=\"1c3f03a\" data-element_type=\"container\" data-settings=\"{&quot;wcf_enable_cursor_hover_effect_text&quot;:&quot;View&quot;,&quot;wcf-animation&quot;:&quot;none&quot;}\">\n\t\t<div class=\"elementor-element elementor-element-3b8a080 e-con-full e-flex e-con e-child\" data-id=\"3b8a080\" data-element_type=\"container\" data-settings=\"{&quot;wcf_enable_cursor_hover_effect_text&quot;:&quot;View&quot;,&quot;wcf-animation&quot;:&quot;none&quot;}\">\n\t\t\t\t<div class=\"elementor-element elementor-element-9ae0e1a wcf--image-effect-zoom-in elementor-widget elementor-widget-wcf--posts\" data-id=\"9ae0e1a\" data-element_type=\"widget\" data-settings=\"{&quot;wcf-animation&quot;:&quot;fade&quot;,&quot;data-duration&quot;:0.75,&quot;fade-offset&quot;:40,&quot;delay&quot;:0.1499999999999999944488848768742172978818416595458984375,&quot;fade-from&quot;:&quot;bottom&quot;,&quot;ease&quot;:&quot;power2.out&quot;}\" data-widget_type=\"wcf--posts.default\">\n\t\t\t\t<div class=\"elementor-widget-container\">\n\t\t\t\t\t        <div class=\"wcf__posts style-1\">        <div class=\"wcf-posts\">\r\n\t\t        <article class=\"wcf-post post-18011 post type-post status-publish format-image has-post-thumbnail hentry category-sin-categoria post_format-post-format-image\">\r\n\t\t\t        <div class=\"thumb\">\r\n            <a href=\"https:\/\/winwork.pt\/es\/el-proyecto-winwork-inicia-su-intervencion-en-empresas\/\" aria-label=\"El proyecto WinWORK inicia su intervenci\u00f3n en empresas\">\r\n\t\t\t\t<img fetchpriority=\"high\" decoding=\"async\" width=\"1200\" height=\"800\" src=\"https:\/\/winwork.pt\/wp-content\/uploads\/2026\/04\/projeto-winwork-inicia-intervencao-nas-empresas.webp\" class=\"attachment-full size-full wp-image-18014\" alt=\"\" srcset=\"https:\/\/winwork.pt\/wp-content\/uploads\/2026\/04\/projeto-winwork-inicia-intervencao-nas-empresas.webp 1200w, https:\/\/winwork.pt\/wp-content\/uploads\/2026\/04\/projeto-winwork-inicia-intervencao-nas-empresas-300x200.webp 300w, https:\/\/winwork.pt\/wp-content\/uploads\/2026\/04\/projeto-winwork-inicia-intervencao-nas-empresas-1024x683.webp 1024w, https:\/\/winwork.pt\/wp-content\/uploads\/2026\/04\/projeto-winwork-inicia-intervencao-nas-empresas-768x512.webp 768w\" sizes=\"(max-width: 1200px) 100vw, 1200px\" \/>            <\/a>\r\n        <\/div>\r\n\t\t\r\n            <div class=\"content\">\r\n\t\t\t\t        <ul class=\"wcf-meta\">\r\n\t\t\t        <li>\r\n\t\t<span>\r\n\t\t\t15 de abril, 2026\t\t<\/span>\r\n        <\/li>\r\n\t\t        <\/ul>\r\n\t\t        <h3 class=\"title\">\r\n        <a href=\"https:\/\/winwork.pt\/es\/el-proyecto-winwork-inicia-su-intervencion-en-empresas\/\">\r\n\t\t\t<span class=\"highlight\"><\/span> El proyecto WinWORK inicia su intervenci\u00f3n en empresas        <\/a>\r\n        <\/h3>\r\n\t\t        <div class=\"desc\">\r\n\t\t\t<p>Fue un honor ser parte de la 1\u00aa Edici\u00f3n del Seminario Marco sobre el tema de Salud y Seguridad en el Trabajo el pasado 21 de febrero y presentar nuestro proyecto\u2026<\/p>\n        <\/div>\r\n\t\t            <\/div>\r\n        <\/article>\r\n\t\t        <article class=\"wcf-post post-17918 post type-post status-publish format-video has-post-thumbnail hentry category-sin-categoria post_format-post-format-video\">\r\n\t\t\t        <div class=\"thumb\">\r\n            <a href=\"https:\/\/winwork.pt\/es\/ii-forum-transfronteirico-sobre-ambientes-de-trabalho-saudaveis\/\" aria-label=\"II Foro Transfronterizo sobre Entornos Laborales Saludables\">\r\n\t\t\t\t<img decoding=\"async\" width=\"1200\" height=\"800\" src=\"https:\/\/winwork.pt\/wp-content\/uploads\/2025\/06\/II_forum_transfronteirico_capa.webp\" class=\"attachment-full size-full wp-image-17919\" alt=\"\" srcset=\"https:\/\/winwork.pt\/wp-content\/uploads\/2025\/06\/II_forum_transfronteirico_capa.webp 1200w, https:\/\/winwork.pt\/wp-content\/uploads\/2025\/06\/II_forum_transfronteirico_capa-300x200.webp 300w, https:\/\/winwork.pt\/wp-content\/uploads\/2025\/06\/II_forum_transfronteirico_capa-1024x683.webp 1024w, https:\/\/winwork.pt\/wp-content\/uploads\/2025\/06\/II_forum_transfronteirico_capa-768x512.webp 768w\" sizes=\"(max-width: 1200px) 100vw, 1200px\" \/>            <\/a>\r\n        <\/div>\r\n\t\t\r\n            <div class=\"content\">\r\n\t\t\t\t        <ul class=\"wcf-meta\">\r\n\t\t\t        <li>\r\n\t\t<span>\r\n\t\t\t3 de junio, 2025\t\t<\/span>\r\n        <\/li>\r\n\t\t        <\/ul>\r\n\t\t        <h3 class=\"title\">\r\n        <a href=\"https:\/\/winwork.pt\/es\/ii-forum-transfronteirico-sobre-ambientes-de-trabalho-saudaveis\/\">\r\n\t\t\t<span class=\"highlight\"><\/span> II Foro Transfronterizo sobre Entornos Laborales Saludables        <\/a>\r\n        <\/h3>\r\n\t\t        <div class=\"desc\">\r\n\t\t\t<p>El II Foro Transfronterizo (Bienestar activo y preventivo: claves para lograr entornos laborales saludables) cont\u00f3 con la presencia de la Directora General de Trabajo de la Direcci\u00f3n de Extremadura\u2026<\/p>\n        <\/div>\r\n\t\t            <\/div>\r\n        <\/article>\r\n\t\t        <article class=\"wcf-post post-17907 post type-post status-publish format-image has-post-thumbnail hentry category-sin-categoria post_format-post-format-image\">\r\n\t\t\t        <div class=\"thumb\">\r\n            <a href=\"https:\/\/winwork.pt\/es\/1a-edicao-do-seminario-do-marco\/\" aria-label=\"1\u00aa Edici\u00f3n del Seminario del Marco\">\r\n\t\t\t\t<img decoding=\"async\" width=\"1200\" height=\"800\" src=\"https:\/\/winwork.pt\/wp-content\/uploads\/2025\/02\/seminario_marco_noticia_winwork_1.webp\" class=\"attachment-full size-full wp-image-17741\" alt=\"\" srcset=\"https:\/\/winwork.pt\/wp-content\/uploads\/2025\/02\/seminario_marco_noticia_winwork_1.webp 1200w, https:\/\/winwork.pt\/wp-content\/uploads\/2025\/02\/seminario_marco_noticia_winwork_1-300x200.webp 300w, https:\/\/winwork.pt\/wp-content\/uploads\/2025\/02\/seminario_marco_noticia_winwork_1-1024x683.webp 1024w, https:\/\/winwork.pt\/wp-content\/uploads\/2025\/02\/seminario_marco_noticia_winwork_1-768x512.webp 768w\" sizes=\"(max-width: 1200px) 100vw, 1200px\" \/>            <\/a>\r\n        <\/div>\r\n\t\t\r\n            <div class=\"content\">\r\n\t\t\t\t        <ul class=\"wcf-meta\">\r\n\t\t\t        <li>\r\n\t\t<span>\r\n\t\t\t21 de febrero, 2025\t\t<\/span>\r\n        <\/li>\r\n\t\t        <\/ul>\r\n\t\t        <h3 class=\"title\">\r\n        <a href=\"https:\/\/winwork.pt\/es\/1a-edicao-do-seminario-do-marco\/\">\r\n\t\t\t<span class=\"highlight\"><\/span> 1\u00aa Edici\u00f3n del Seminario del Marco        <\/a>\r\n        <\/h3>\r\n\t\t        <div class=\"desc\">\r\n\t\t\t<p>Fue un honor ser parte de la 1\u00aa Edici\u00f3n del Seminario Marco sobre el tema de Salud y Seguridad en el Trabajo el pasado 21 de febrero y presentar nuestro proyecto\u2026<\/p>\n        <\/div>\r\n\t\t            <\/div>\r\n        <\/article>\r\n\t\t        <article class=\"wcf-post post-17894 post type-post status-publish format-video has-post-thumbnail hentry category-sin-categoria post_format-post-format-video\">\r\n\t\t\t        <div class=\"thumb\">\r\n            <a href=\"https:\/\/winwork.pt\/es\/forum-transfronteirico-do-projeto-winwork-na-sede-da-aep-porto\/\" aria-label=\"I Foro Transfronterizo del Proyecto WinWork en la sede de la AEP de Porto.\">\r\n\t\t\t\t<img loading=\"lazy\" decoding=\"async\" width=\"1200\" height=\"800\" src=\"https:\/\/winwork.pt\/wp-content\/uploads\/2025\/02\/1forum_noticia_winwork.webp\" class=\"attachment-full size-full wp-image-17742\" alt=\"\" srcset=\"https:\/\/winwork.pt\/wp-content\/uploads\/2025\/02\/1forum_noticia_winwork.webp 1200w, https:\/\/winwork.pt\/wp-content\/uploads\/2025\/02\/1forum_noticia_winwork-300x200.webp 300w, https:\/\/winwork.pt\/wp-content\/uploads\/2025\/02\/1forum_noticia_winwork-1024x683.webp 1024w, https:\/\/winwork.pt\/wp-content\/uploads\/2025\/02\/1forum_noticia_winwork-768x512.webp 768w\" sizes=\"(max-width: 1200px) 100vw, 1200px\" \/>            <\/a>\r\n        <\/div>\r\n\t\t\r\n            <div class=\"content\">\r\n\t\t\t\t        <ul class=\"wcf-meta\">\r\n\t\t\t        <li>\r\n\t\t<span>\r\n\t\t\t3 de diciembre, 2024\t\t<\/span>\r\n        <\/li>\r\n\t\t        <\/ul>\r\n\t\t        <h3 class=\"title\">\r\n        <a href=\"https:\/\/winwork.pt\/es\/forum-transfronteirico-do-projeto-winwork-na-sede-da-aep-porto\/\">\r\n\t\t\t<span class=\"highlight\"><\/span> I Foro Transfronterizo del Proyecto WinWork en la sede de la AEP de Porto.        <\/a>\r\n        <\/h3>\r\n\t\t        <div class=\"desc\">\r\n\t\t\t<p>El 3 de diciembre de 2024 celebramos el 1er Foro Transfronterizo del proyecto WinWORK en la sede de AEP \u2013 Asociaci\u00f3n Empresarial Portuguesa\u2026<\/p>\n        <\/div>\r\n\t\t            <\/div>\r\n        <\/article>\r\n\t\t        <article class=\"wcf-post post-17860 post type-post status-publish format-image has-post-thumbnail hentry category-sin-categoria post_format-post-format-image\">\r\n\t\t\t        <div class=\"thumb\">\r\n            <a href=\"https:\/\/winwork.pt\/es\/kick-off-meeting-winwork\/\" aria-label=\"Kick-off Meeting WinWORK\">\r\n\t\t\t\t<img loading=\"lazy\" decoding=\"async\" width=\"1200\" height=\"800\" src=\"https:\/\/winwork.pt\/wp-content\/uploads\/2025\/02\/kickoff_noticia_winwork_1.webp\" class=\"attachment-full size-full wp-image-17861\" alt=\"\" srcset=\"https:\/\/winwork.pt\/wp-content\/uploads\/2025\/02\/kickoff_noticia_winwork_1.webp 1200w, https:\/\/winwork.pt\/wp-content\/uploads\/2025\/02\/kickoff_noticia_winwork_1-300x200.webp 300w, https:\/\/winwork.pt\/wp-content\/uploads\/2025\/02\/kickoff_noticia_winwork_1-1024x683.webp 1024w, https:\/\/winwork.pt\/wp-content\/uploads\/2025\/02\/kickoff_noticia_winwork_1-768x512.webp 768w\" sizes=\"(max-width: 1200px) 100vw, 1200px\" \/>            <\/a>\r\n        <\/div>\r\n\t\t\r\n            <div class=\"content\">\r\n\t\t\t\t        <ul class=\"wcf-meta\">\r\n\t\t\t        <li>\r\n\t\t<span>\r\n\t\t\t17 de julio, 2024\t\t<\/span>\r\n        <\/li>\r\n\t\t        <\/ul>\r\n\t\t        <h3 class=\"title\">\r\n        <a href=\"https:\/\/winwork.pt\/es\/kick-off-meeting-winwork\/\">\r\n\t\t\t<span class=\"highlight\"><\/span> Kick-off Meeting WinWORK        <\/a>\r\n        <\/h3>\r\n\t\t        <div class=\"desc\">\r\n\t\t\t<p>El 17 de julio de 2024 tuvo lugar en la Escuela Superior de Salud (E2S) del Instituto Polit\u00e9cnico de Oporto la reuni\u00f3n de lanzamiento del proyecto WinWORK&#8230;<\/p>\n        <\/div>\r\n\t\t            <\/div>\r\n        <\/article>\r\n\t\t<\/div><\/div>\t\t\t\t<\/div>\n\t\t\t\t<\/div>\n\t\t\t\t<\/div>\n\t\t\t\t<\/div>\n\t\t\t\t<\/div>\n\t\t","protected":false},"excerpt":{"rendered":"<p>EL PROYECTO WINWORK \u00daltimas Noticias. 17 de Julho, 2024 Kick-off Meeting WinWORK No dia 17 de julho de 2024, decorreu na Escola Superior de Sa\u00fade (E2S) do Instituto Polit\u00e9cnico do Porto a reuni\u00e3o de lan\u00e7amento do projeto WinWORK\u2026<\/p>\n","protected":false},"author":1,"featured_media":0,"parent":0,"menu_order":0,"comment_status":"closed","ping_status":"closed","template":"elementor_header_footer","meta":{"footnotes":""},"class_list":["post-17867","page","type-page","status-publish","hentry"],"yoast_head":"<!-- This site is optimized with the Yoast SEO plugin v27.4 - https:\/\/yoast.com\/product\/yoast-seo-wordpress\/ -->\n<title>Noticias - Winwork<\/title>\n<meta name=\"robots\" content=\"index, follow, max-snippet:-1, max-image-preview:large, max-video-preview:-1\" \/>\n<link rel=\"canonical\" href=\"https:\/\/winwork.pt\/es\/noticias\/\" \/>\n<meta property=\"og:locale\" content=\"es_ES\" \/>\n<meta property=\"og:type\" content=\"article\" \/>\n<meta property=\"og:title\" content=\"Noticias - Winwork\" \/>\n<meta property=\"og:description\" content=\"EL PROYECTO WINWORK \u00daltimas Noticias. 17 de Julho, 2024 Kick-off Meeting WinWORK No dia 17 de julho de 2024, decorreu na Escola Superior de Sa\u00fade (E2S) do Instituto Polit\u00e9cnico do Porto a reuni\u00e3o de lan\u00e7amento do projeto WinWORK\u2026\" \/>\n<meta property=\"og:url\" content=\"https:\/\/winwork.pt\/es\/noticias\/\" \/>\n<meta property=\"og:site_name\" content=\"Winwork\" \/>\n<meta property=\"article:modified_time\" content=\"2026-01-08T20:36:19+00:00\" \/>\n<meta property=\"og:image\" content=\"https:\/\/winwork.pt\/wp-content\/uploads\/2025\/02\/kickoff_noticia_winwork_1.webp\" \/>\n<meta name=\"twitter:card\" content=\"summary_large_image\" \/>\n<meta name=\"twitter:label1\" content=\"Tiempo de lectura\" \/>\n\t<meta name=\"twitter:data1\" content=\"1 minuto\" \/>\n<script type=\"application\/ld+json\" class=\"yoast-schema-graph\">{\"@context\":\"https:\\\/\\\/schema.org\",\"@graph\":[{\"@type\":\"WebPage\",\"@id\":\"https:\\\/\\\/winwork.pt\\\/es\\\/noticias\\\/\",\"url\":\"https:\\\/\\\/winwork.pt\\\/es\\\/noticias\\\/\",\"name\":\"Noticias - Winwork\",\"isPartOf\":{\"@id\":\"https:\\\/\\\/winwork.pt\\\/#website\"},\"primaryImageOfPage\":{\"@id\":\"https:\\\/\\\/winwork.pt\\\/es\\\/noticias\\\/#primaryimage\"},\"image\":{\"@id\":\"https:\\\/\\\/winwork.pt\\\/es\\\/noticias\\\/#primaryimage\"},\"thumbnailUrl\":\"https:\\\/\\\/winwork.pt\\\/wp-content\\\/uploads\\\/2025\\\/02\\\/kickoff_noticia_winwork_1.webp\",\"datePublished\":\"2025-02-13T12:27:24+00:00\",\"dateModified\":\"2026-01-08T20:36:19+00:00\",\"breadcrumb\":{\"@id\":\"https:\\\/\\\/winwork.pt\\\/es\\\/noticias\\\/#breadcrumb\"},\"inLanguage\":\"es\",\"potentialAction\":[{\"@type\":\"ReadAction\",\"target\":[\"https:\\\/\\\/winwork.pt\\\/es\\\/noticias\\\/\"]}]},{\"@type\":\"ImageObject\",\"inLanguage\":\"es\",\"@id\":\"https:\\\/\\\/winwork.pt\\\/es\\\/noticias\\\/#primaryimage\",\"url\":\"https:\\\/\\\/winwork.pt\\\/wp-content\\\/uploads\\\/2025\\\/02\\\/kickoff_noticia_winwork_1.webp\",\"contentUrl\":\"https:\\\/\\\/winwork.pt\\\/wp-content\\\/uploads\\\/2025\\\/02\\\/kickoff_noticia_winwork_1.webp\"},{\"@type\":\"BreadcrumbList\",\"@id\":\"https:\\\/\\\/winwork.pt\\\/es\\\/noticias\\\/#breadcrumb\",\"itemListElement\":[{\"@type\":\"ListItem\",\"position\":1,\"name\":\"In\u00edcio\",\"item\":\"https:\\\/\\\/winwork.pt\\\/es\\\/\"},{\"@type\":\"ListItem\",\"position\":2,\"name\":\"Noticias\"}]},{\"@type\":\"WebSite\",\"@id\":\"https:\\\/\\\/winwork.pt\\\/#website\",\"url\":\"https:\\\/\\\/winwork.pt\\\/\",\"name\":\"Winwork\",\"description\":\"Sa\u00fade e Bem-estar nos Locais de Trabalho\",\"publisher\":{\"@id\":\"https:\\\/\\\/winwork.pt\\\/#organization\"},\"potentialAction\":[{\"@type\":\"SearchAction\",\"target\":{\"@type\":\"EntryPoint\",\"urlTemplate\":\"https:\\\/\\\/winwork.pt\\\/?s={search_term_string}\"},\"query-input\":{\"@type\":\"PropertyValueSpecification\",\"valueRequired\":true,\"valueName\":\"search_term_string\"}}],\"inLanguage\":\"es\"},{\"@type\":\"Organization\",\"@id\":\"https:\\\/\\\/winwork.pt\\\/#organization\",\"name\":\"Winwork\",\"alternateName\":\"Winwork\",\"url\":\"https:\\\/\\\/winwork.pt\\\/\",\"logo\":{\"@type\":\"ImageObject\",\"inLanguage\":\"es\",\"@id\":\"https:\\\/\\\/winwork.pt\\\/#\\\/schema\\\/logo\\\/image\\\/\",\"url\":\"https:\\\/\\\/winwork.pt\\\/wp-content\\\/uploads\\\/2024\\\/05\\\/logotipo_winwork_horizontal_positivo.png\",\"contentUrl\":\"https:\\\/\\\/winwork.pt\\\/wp-content\\\/uploads\\\/2024\\\/05\\\/logotipo_winwork_horizontal_positivo.png\",\"width\":511,\"height\":76,\"caption\":\"Winwork\"},\"image\":{\"@id\":\"https:\\\/\\\/winwork.pt\\\/#\\\/schema\\\/logo\\\/image\\\/\"},\"sameAs\":[\"https:\\\/\\\/www.instagram.com\\\/winwork_poctep\\\/\",\"https:\\\/\\\/www.linkedin.com\\\/showcase\\\/winwork-interreg-poctep\\\/\"]}]}<\/script>\n<!-- \/ Yoast SEO plugin. -->","yoast_head_json":{"title":"Noticias - Winwork","robots":{"index":"index","follow":"follow","max-snippet":"max-snippet:-1","max-image-preview":"max-image-preview:large","max-video-preview":"max-video-preview:-1"},"canonical":"https:\/\/winwork.pt\/es\/noticias\/","og_locale":"es_ES","og_type":"article","og_title":"Noticias - Winwork","og_description":"EL PROYECTO WINWORK \u00daltimas Noticias. 17 de Julho, 2024 Kick-off Meeting WinWORK No dia 17 de julho de 2024, decorreu na Escola Superior de Sa\u00fade (E2S) do Instituto Polit\u00e9cnico do Porto a reuni\u00e3o de lan\u00e7amento do projeto WinWORK\u2026","og_url":"https:\/\/winwork.pt\/es\/noticias\/","og_site_name":"Winwork","article_modified_time":"2026-01-08T20:36:19+00:00","og_image":[{"url":"https:\/\/winwork.pt\/wp-content\/uploads\/2025\/02\/kickoff_noticia_winwork_1.webp","type":"","width":"","height":""}],"twitter_card":"summary_large_image","twitter_misc":{"Tiempo de lectura":"1 minuto"},"schema":{"@context":"https:\/\/schema.org","@graph":[{"@type":"WebPage","@id":"https:\/\/winwork.pt\/es\/noticias\/","url":"https:\/\/winwork.pt\/es\/noticias\/","name":"Noticias - Winwork","isPartOf":{"@id":"https:\/\/winwork.pt\/#website"},"primaryImageOfPage":{"@id":"https:\/\/winwork.pt\/es\/noticias\/#primaryimage"},"image":{"@id":"https:\/\/winwork.pt\/es\/noticias\/#primaryimage"},"thumbnailUrl":"https:\/\/winwork.pt\/wp-content\/uploads\/2025\/02\/kickoff_noticia_winwork_1.webp","datePublished":"2025-02-13T12:27:24+00:00","dateModified":"2026-01-08T20:36:19+00:00","breadcrumb":{"@id":"https:\/\/winwork.pt\/es\/noticias\/#breadcrumb"},"inLanguage":"es","potentialAction":[{"@type":"ReadAction","target":["https:\/\/winwork.pt\/es\/noticias\/"]}]},{"@type":"ImageObject","inLanguage":"es","@id":"https:\/\/winwork.pt\/es\/noticias\/#primaryimage","url":"https:\/\/winwork.pt\/wp-content\/uploads\/2025\/02\/kickoff_noticia_winwork_1.webp","contentUrl":"https:\/\/winwork.pt\/wp-content\/uploads\/2025\/02\/kickoff_noticia_winwork_1.webp"},{"@type":"BreadcrumbList","@id":"https:\/\/winwork.pt\/es\/noticias\/#breadcrumb","itemListElement":[{"@type":"ListItem","position":1,"name":"In\u00edcio","item":"https:\/\/winwork.pt\/es\/"},{"@type":"ListItem","position":2,"name":"Noticias"}]},{"@type":"WebSite","@id":"https:\/\/winwork.pt\/#website","url":"https:\/\/winwork.pt\/","name":"Winwork","description":"Sa\u00fade e Bem-estar nos Locais de Trabalho","publisher":{"@id":"https:\/\/winwork.pt\/#organization"},"potentialAction":[{"@type":"SearchAction","target":{"@type":"EntryPoint","urlTemplate":"https:\/\/winwork.pt\/?s={search_term_string}"},"query-input":{"@type":"PropertyValueSpecification","valueRequired":true,"valueName":"search_term_string"}}],"inLanguage":"es"},{"@type":"Organization","@id":"https:\/\/winwork.pt\/#organization","name":"Winwork","alternateName":"Winwork","url":"https:\/\/winwork.pt\/","logo":{"@type":"ImageObject","inLanguage":"es","@id":"https:\/\/winwork.pt\/#\/schema\/logo\/image\/","url":"https:\/\/winwork.pt\/wp-content\/uploads\/2024\/05\/logotipo_winwork_horizontal_positivo.png","contentUrl":"https:\/\/winwork.pt\/wp-content\/uploads\/2024\/05\/logotipo_winwork_horizontal_positivo.png","width":511,"height":76,"caption":"Winwork"},"image":{"@id":"https:\/\/winwork.pt\/#\/schema\/logo\/image\/"},"sameAs":["https:\/\/www.instagram.com\/winwork_poctep\/","https:\/\/www.linkedin.com\/showcase\/winwork-interreg-poctep\/"]}]}},"_links":{"self":[{"href":"https:\/\/winwork.pt\/es\/wp-json\/wp\/v2\/pages\/17867","targetHints":{"allow":["GET"]}}],"collection":[{"href":"https:\/\/winwork.pt\/es\/wp-json\/wp\/v2\/pages"}],"about":[{"href":"https:\/\/winwork.pt\/es\/wp-json\/wp\/v2\/types\/page"}],"author":[{"embeddable":true,"href":"https:\/\/winwork.pt\/es\/wp-json\/wp\/v2\/users\/1"}],"replies":[{"embeddable":true,"href":"https:\/\/winwork.pt\/es\/wp-json\/wp\/v2\/comments?post=17867"}],"version-history":[{"count":5,"href":"https:\/\/winwork.pt\/es\/wp-json\/wp\/v2\/pages\/17867\/revisions"}],"predecessor-version":[{"id":17878,"href":"https:\/\/winwork.pt\/es\/wp-json\/wp\/v2\/pages\/17867\/revisions\/17878"}],"wp:attachment":[{"href":"https:\/\/winwork.pt\/es\/wp-json\/wp\/v2\/media?parent=17867"}],"curies":[{"name":"wp","href":"https:\/\/api.w.org\/{rel}","templated":true}]}}